{"id":3,"date":"2024-04-16T08:05:43","date_gmt":"2024-04-16T08:05:43","guid":{"rendered":"http:\/\/localhost:8120\/_concessus\/?page_id=3"},"modified":"2024-05-24T04:45:57","modified_gmt":"2024-05-24T03:45:57","slug":"politica-de-privacidade","status":"publish","type":"page","link":"https:\/\/concessus.pt\/pt-pt\/politica-de-privacidade\/","title":{"rendered":"Pol\u00edtica de privacidade"},"content":{"rendered":"\n<h2 class=\"wp-block-heading\">Condi\u00e7\u00f5es relativas \u00e0 utiliza\u00e7\u00e3o deste website<\/h2>\n\n\n\n<p><strong>Pol\u00edtica de Privacidade<\/strong><\/p>\n\n\n\n<p>Todos os dados recebidos pelo nosso website ser\u00e3o tratados com a m\u00e1xima e absoluta con\ufb01dencialidade, pelo que qualquer informa\u00e7\u00e3o recolhida n\u00e3o estar\u00e1 acess\u00edveis ao p\u00fablico em geral. Poder\u00e1 navegar pelo nosso website e pelos nossos cat\u00e1logos on-line, sem ser necess\u00e1rio se identi\ufb01car ou revelar qualquer informa\u00e7\u00e3o pessoal.<\/p>\n\n\n\n<p><strong>Utiliza\u00e7\u00e3o de Dados<\/strong><\/p>\n\n\n\n<p><strong>1. Informa\u00e7\u00e3o recolhida no \u00c2mbito de Campanhas Promocionais<\/strong><\/p>\n\n\n\n<p>Poderemos recolher informa\u00e7\u00e3o da mais variadas formas, nomeadamente, atrav\u00e9s de email\u2019s, newsletters, atrav\u00e9s da nossa p\u00e1gina web ou recorrendo a sondagens.<br>Ao responder a campanhas promocionais, a CONCESSUS S.A. ir\u00e1 recolher os seus contactos, bem como informa\u00e7\u00f5es adicionais, para que nos seja poss\u00edvel medir o sucesso da promo\u00e7\u00e3o. Ao indicar o seu endere\u00e7o de e-mail e os seus contactos estar\u00e1 a autorizar-nos a enviar-lhe informa\u00e7\u00f5es sobre novos produtos, pre\u00e7os e servi\u00e7os, bem como publicidade de fornecedores da CONCESSUS S.A..<\/p>\n\n\n\n<p>A CONCESSUS S.A. n\u00e3o divulgar\u00e1 a terceiros. Ocasionalmente, a CONCESSUS S.A., poder\u00e1 enviar correio eletr\u00f3nico com informa\u00e7\u00e3o de marketing, para endere\u00e7os de email obtidos atrav\u00e9s de empresas externas. Poder\u00e1 solicitar, a qualquer momento, a remo\u00e7\u00e3o dos seus contactos da nossa base de dados. Para o efeito, basta enviar um e-mail para <a href=\"mailto:marketing@concessus.pt\">marketing@concessus.pt<\/a><\/p>\n\n\n\n<p><strong>3. Dados Pessoais<\/strong><\/p>\n\n\n\n<p>A CONCESSUS S.A. garante que qualquer informa\u00e7\u00e3o de car\u00e1cter pessoal, ser\u00e1 tratada de acordo com a legisla\u00e7\u00e3o que transp\u00f5e as diretivas da Uni\u00e3o Europeia relativa \u00e0 prote\u00e7\u00e3o dos dados pessoais.<\/p>\n\n\n\n<p>Dever\u00e1 ter em considera\u00e7\u00e3o, que, ao selecionar alguns links contidos na nossa p\u00e1gina estar\u00e1 a sair do nosso website e a entrar num website completamente distinto, o qual poder\u00e1 ter uma pol\u00edtica de privacidade diferente da nossa. Os conte\u00fados desses websites n\u00e3o s\u00e3o da responsabilidade da CONCESSUS S.A.<\/p>\n\n\n\n<p><strong>Hist\u00f3rico<\/strong><\/p>\n\n\n\n<p>Tal como a maioria dos Web sites, os nossos servidores registam automaticamente os pedidos de p\u00e1gina efetuados quando visita o nosso site. Estes \u00abregistos do servidor\u00bb incluem habitualmente o pedido da Web, o endere\u00e7o do protocolo internet, o tipo de navegador, o endere\u00e7o IP, o idioma do navegador, a data e a hora do seu pedido.<\/p>\n\n\n\n<p><strong>Responsabilidade<\/strong><\/p>\n\n\n\n<p>Este website \u00e9 disponibilizado gratuitamente aos seus utilizadores, tendo como objetivo \u00fanico divulgar os produtos e servi\u00e7os oferecidos pela CONCESSUS S.A..<\/p>\n\n\n\n<p>Deste modo, apesar de solicitarmos todos os esfor\u00e7os para que a utiliza\u00e7\u00e3o deste website seja efetuada sem quaisquer problemas, declinamos qualquer responsabilidade por danos diretos ou indiretos, incluindo, sem qualquer limita\u00e7\u00e3o, lucros cessantes ou preju\u00edzos e todos os custos legais e acess\u00f3rios resultantes do acesso, utiliza\u00e7\u00e3o ou incapacidade de utiliza\u00e7\u00e3o deste website ou de qualquer website ligado a este atrav\u00e9s de links, ou de quaisquer bens, servi\u00e7os ou informa\u00e7\u00f5es constantes destes websites, que respeite a obriga\u00e7\u00f5es de garantia, responsabilidade civil contratual, extracontratual ou de qualquer outra natureza.<\/p>\n\n\n\n<p>Todo e qualquer risco relativo ao acesso e utiliza\u00e7\u00e3o deste website ou de qualquer outro website ligado a este atrav\u00e9s de links, bem como dos respetivos conte\u00fados, recai sobre o utilizador.<\/p>\n\n\n\n<p><strong>Produtos e Servi\u00e7os<\/strong><\/p>\n\n\n\n<p>A encomenda, a compra e\/ou a venda de quaisquer produtos e servi\u00e7os de uma Empresa da CONCESSUS S.A. est\u00e3o sujeitos aos termos e condi\u00e7\u00f5es gerais de venda em vigor na Empresa em causa. Alguns produtos e servi\u00e7os referidos neste website poder\u00e3o n\u00e3o estar dispon\u00edveis em todos os pa\u00edses. Reservamo-nos o direito de modi\ufb01car este website a qualquer momento, sem pr\u00e9via noti\ufb01ca\u00e7\u00e3o, n\u00e3o assumindo, no entanto, qualquer responsabilidade relativamente \u00e0 sua atualiza\u00e7\u00e3o.<\/p>\n\n\n\n<p><strong>Direitos de Autor e Marcas<\/strong><\/p>\n\n\n\n<p>Este website e a informa\u00e7\u00e3o nele contida destinam-se a \ufb01ns meramente informativos, pelo que a sua reprodu\u00e7\u00e3o, retransmiss\u00e3o ou qualquer outra utiliza\u00e7\u00e3o s\u00e3o expressamente proibidas. Todas as marcas comerciais, marcas de servi\u00e7os e logotipos mostrados ou referidos neste website s\u00e3o marcas registadas ou n\u00e3o registadas da CONCESSUS S.A. ou de terceiros. Este website n\u00e3o poder\u00e1 ser interpretado como atributivo de qualquer direito sobre tais marcas, sendo expressamente proibida a sua utiliza\u00e7\u00e3o.<\/p>\n\n\n\n<p><strong>Seguran\u00e7a da Informa\u00e7\u00e3o<\/strong><\/p>\n\n\n\n<p>A CONCESSUS S.A. est\u00e1 empenhada na prote\u00e7\u00e3o em seguran\u00e7a das informa\u00e7\u00f5es pessoais que nos disponibiliza. Garantimos que todas as informa\u00e7\u00f5es ser\u00e3o recolhidas e mantidas com condi\u00e7\u00f5es de seguran\u00e7a.<\/p>\n\n\n\n<p>Reservamo-nos o direito de alterar estas condi\u00e7\u00f5es a qualquer momento.<\/p>\n","protected":false},"excerpt":{"rendered":"<p>Condi\u00e7\u00f5es relativas \u00e0 utiliza\u00e7\u00e3o deste website Pol\u00edtica de Privacidade Todos os dados recebidos pelo nosso website ser\u00e3o tratados com a m\u00e1xima e absoluta con\ufb01dencialidade, pelo que qualquer informa\u00e7\u00e3o recolhida n\u00e3o estar\u00e1 acess\u00edveis ao p\u00fablico em geral. Poder\u00e1 navegar pelo nosso website e pelos nossos cat\u00e1logos on-line, sem ser necess\u00e1rio se identi\ufb01car ou revelar qualquer informa\u00e7\u00e3o [&hellip;]<\/p>\n","protected":false},"author":1,"featured_media":9217,"parent":0,"menu_order":0,"comment_status":"closed","ping_status":"open","template":"","meta":{"_acf_changed":false,"footnotes":""},"acf":[],"_links":{"self":[{"href":"https:\/\/concessus.pt\/pt-pt\/wp-json\/wp\/v2\/pages\/3"}],"collection":[{"href":"https:\/\/concessus.pt\/pt-pt\/wp-json\/wp\/v2\/pages"}],"about":[{"href":"https:\/\/concessus.pt\/pt-pt\/wp-json\/wp\/v2\/types\/page"}],"author":[{"embeddable":true,"href":"https:\/\/concessus.pt\/pt-pt\/wp-json\/wp\/v2\/users\/1"}],"replies":[{"embeddable":true,"href":"https:\/\/concessus.pt\/pt-pt\/wp-json\/wp\/v2\/comments?post=3"}],"version-history":[{"count":1,"href":"https:\/\/concessus.pt\/pt-pt\/wp-json\/wp\/v2\/pages\/3\/revisions"}],"predecessor-version":[{"id":9246,"href":"https:\/\/concessus.pt\/pt-pt\/wp-json\/wp\/v2\/pages\/3\/revisions\/9246"}],"wp:featuredmedia":[{"embeddable":true,"href":"https:\/\/concessus.pt\/pt-pt\/wp-json\/wp\/v2\/media\/9217"}],"wp:attachment":[{"href":"https:\/\/concessus.pt\/pt-pt\/wp-json\/wp\/v2\/media?parent=3"}],"curies":[{"name":"wp","href":"https:\/\/api.w.org\/{rel}","templated":true}]}}